{"id":7372,"date":"2020-03-19T12:58:59","date_gmt":"2020-03-19T12:58:59","guid":{"rendered":"https:\/\/www.shop.grobnik.hr\/?page_id=7372"},"modified":"2024-02-09T12:07:31","modified_gmt":"2024-02-09T10:07:31","slug":"contact","status":"publish","type":"page","link":"https:\/\/shop.grobnik.hr\/en\/contact\/","title":{"rendered":"Contact"},"content":{"rendered":"[vc_row type=&#8221;full_width_content&#8221; full_screen_row_position=&#8221;middle&#8221; column_margin=&#8221;default&#8221; scene_position=&#8221;center&#8221; text_color=&#8221;dark&#8221; text_align=&#8221;left&#8221; overlay_strength=&#8221;0.3&#8243; shape_divider_position=&#8221;bottom&#8221; bg_image_animation=&#8221;none&#8221;][vc_column column_padding=&#8221;padding-3-percent&#8221; column_padding_position=&#8221;all&#8221; background_color_opacity=&#8221;1&#8243; background_hover_color_opacity=&#8221;1&#8243; column_link_target=&#8221;_self&#8221; column_shadow=&#8221;none&#8221; column_border_radius=&#8221;none&#8221; width=&#8221;1\/2&#8243; tablet_width_inherit=&#8221;default&#8221; tablet_text_alignment=&#8221;default&#8221; phone_text_alignment=&#8221;default&#8221; overlay_strength=&#8221;0.3&#8243; column_border_width=&#8221;none&#8221; column_border_style=&#8221;solid&#8221; bg_image_animation=&#8221;none&#8221;][vc_custom_heading text=&#8221;CONTACT US&#8221; font_container=&#8221;tag:h1|text_align:left&#8221; use_theme_fonts=&#8221;yes&#8221;][divider line_type=&#8221;No Line&#8221; custom_height=&#8221;20&#8243;][vc_column_text el_class=&#8221;form-wrap&#8221;]\n                <div class='gf_browser_gecko gform_wrapper' id='gform_wrapper_1' ><div id='gf_1' class='gform_anchor' tabindex='-1'><\/div><form method='post' enctype='multipart\/form-data' target='gform_ajax_frame_1' id='gform_1'  action='\/en\/wp-json\/wp\/v2\/pages\/7372#gf_1'>\n                        <div class='gform_body'><ul id='gform_fields_1' class='gform_fields top_label form_sublabel_below description_below'><li id='field_1_1'  class='gfield gf_left_half gfield_contains_required field_sublabel_below field_description_below gfield_visibility_visible' ><label class='gfield_label' for='input_1_1' >Name<span class='gfield_required'>*<\/span><\/label><div class='ginput_container ginput_container_text'><input name='input_1' id='input_1_1' type='text' value='' class='medium'     aria-required=\"true\" aria-invalid=\"false\" \/><\/div><\/li><li id='field_1_2'  class='gfield gf_right_half gfield_contains_required field_sublabel_below field_description_below gfield_visibility_visible' ><label class='gfield_label' for='input_1_2' >Email<span class='gfield_required'>*<\/span><\/label><div class='ginput_container ginput_container_email'>\n                            <input name='input_2' id='input_1_2' type='text' value='' class='medium'    aria-required=\"true\" aria-invalid=\"false\" \/>\n                        <\/div><\/li><li id='field_1_3'  class='gfield gf_left_half gfield_contains_required field_sublabel_below field_description_below gfield_visibility_visible' ><label class='gfield_label' for='input_1_3' >Phone<span class='gfield_required'>*<\/span><\/label><div class='ginput_container ginput_container_phone'><input name='input_3' id='input_1_3' type='text' value='' class='medium'   aria-required=\"true\" aria-invalid=\"false\"  \/><\/div><\/li><li id='field_1_4'  class='gfield gf_right_half gfield_contains_required field_sublabel_below field_description_below gfield_visibility_visible' ><label class='gfield_label' for='input_1_4' >Pick a topic<span class='gfield_required'>*<\/span><\/label><div class='ginput_container ginput_container_select'><select name='input_4' id='input_1_4' class='medium gfield_select'   aria-required=\"true\" aria-invalid=\"false\"><option value='More information' >More information<\/option><option value='Other' >Other<\/option><\/select><\/div><\/li><li id='field_1_5'  class='gfield gfield_contains_required field_sublabel_below field_description_below gfield_visibility_visible' ><label class='gfield_label' for='input_1_5' >Subject<span class='gfield_required'>*<\/span><\/label><div class='ginput_container ginput_container_text'><input name='input_5' id='input_1_5' type='text' value='' class='medium'     aria-required=\"true\" aria-invalid=\"false\" \/><\/div><\/li><li id='field_1_6'  class='gfield gfield_contains_required field_sublabel_below field_description_below gfield_visibility_visible' ><label class='gfield_label' for='input_1_6' >Message<span class='gfield_required'>*<\/span><\/label><div class='ginput_container ginput_container_textarea'><textarea name='input_6' id='input_1_6' class='textarea medium'     aria-required=\"true\" aria-invalid=\"false\"   rows='10' cols='50'><\/textarea><\/div><\/li><li id='field_1_9'  class='gfield gfield_contains_required field_sublabel_below field_description_below hidden_label gfield_visibility_visible' ><label class='gfield_label'  >Consent<span class='gfield_required'>*<\/span><\/label><div class='ginput_container ginput_container_consent'><input name='input_9.1' id='input_1_9_1' type='checkbox' value='1'   aria-required=\"true\" aria-invalid=\"false\"   \/> <label class=\"gfield_consent_label\" for='input_1_9_1' ><a href=\"https:\/\/shop.grobnik.hr\/en\/privacy-policy\/\" target=\"_blank\">\"I have read the Privacy Policy\" <\/a><abbr class=\"wpgdprc-required\" title=\"You have to accept Privacy Policy\">*<\/abbr><\/label><span class='gfield_required'>*<\/span><input type='hidden' name='input_9.2' value='&lt;a href=&quot;https:\/\/shop.grobnik.hr\/en\/privacy-policy\/&quot; target=&quot;_blank&quot;&gt;&quot;I have read the Privacy Policy&quot; &lt;\/a&gt;&lt;abbr class=&quot;wpgdprc-required&quot; title=&quot;You have to accept Privacy Policy&quot;&gt;*&lt;\/abbr&gt;' class='gform_hidden' \/><input type='hidden' name='input_9.3' value='1' class='gform_hidden' \/><\/div><\/li>\n                            <\/ul><\/div>\n        <div class='gform_footer top_label'> <input type='submit' id='gform_submit_button_1' class='gform_button button' value='Send'  onclick='if(window[\"gf_submitting_1\"]){return false;}  window[\"gf_submitting_1\"]=true;  ' onkeypress='if( event.keyCode == 13 ){ if(window[\"gf_submitting_1\"]){return false;} window[\"gf_submitting_1\"]=true;  jQuery(\"#gform_1\").trigger(\"submit\",[true]); }' \/> <input type='hidden' name='gform_ajax' value='form_id=1&amp;title=&amp;description=&amp;tabindex=0' \/>\n            <input type='hidden' class='gform_hidden' name='is_submit_1' value='1' \/>\n            <input type='hidden' class='gform_hidden' name='gform_submit' value='1' \/>\n            \n            <input type='hidden' class='gform_hidden' name='gform_unique_id' value='' \/>\n            <input type='hidden' class='gform_hidden' name='state_1' value='WyJ7XCI5LjFcIjpcIjI1NTM4NWRhMTIzOTM3MTFjMGYwOGQ2ZWQ5ZGQ4OTQ2XCIsXCI5LjJcIjpcIjVmOTYwZjUxNDUyNTU1Y2QzZGIxODJjZmNkMjFhYjhkXCIsXCI5LjNcIjpcIjI1NTM4NWRhMTIzOTM3MTFjMGYwOGQ2ZWQ5ZGQ4OTQ2XCJ9IiwiNGViOTM2NjExMmI2YTlkZTMyMGNlMTVmMDVlZDAyZGIiXQ==' \/>\n            <input type='hidden' class='gform_hidden' name='gform_target_page_number_1' id='gform_target_page_number_1' value='0' \/>\n            <input type='hidden' class='gform_hidden' name='gform_source_page_number_1' id='gform_source_page_number_1' value='1' \/>\n            <input type='hidden' name='gform_field_values' value='' \/>\n            \n        <\/div>\n                        <\/form>\n                        <\/div>\n                <iframe style='display:none;width:0px;height:0px;' src='about:blank' name='gform_ajax_frame_1' id='gform_ajax_frame_1' title='This iframe contains the logic required to handle Ajax powered Gravity Forms.'><\/iframe>\n                <script type='text\/javascript'>jQuery(document).ready(function($){gformInitSpinner( 1, 'https:\/\/shop.grobnik.hr\/wp-content\/plugins\/gravityforms\/images\/spinner.gif' );jQuery('#gform_ajax_frame_1').on('load',function(){var contents = jQuery(this).contents().find('*').html();var is_postback = contents.indexOf('GF_AJAX_POSTBACK') >= 0;if(!is_postback){return;}var form_content = jQuery(this).contents().find('#gform_wrapper_1');var is_confirmation = jQuery(this).contents().find('#gform_confirmation_wrapper_1').length > 0;var is_redirect = contents.indexOf('gformRedirect(){') >= 0;var is_form = form_content.length > 0 && ! is_redirect && ! is_confirmation;var mt = parseInt(jQuery('html').css('margin-top'), 10) + parseInt(jQuery('body').css('margin-top'), 10) + 100;if(is_form){jQuery('#gform_wrapper_1').html(form_content.html());if(form_content.hasClass('gform_validation_error')){jQuery('#gform_wrapper_1').addClass('gform_validation_error');} else {jQuery('#gform_wrapper_1').removeClass('gform_validation_error');}setTimeout( function() { \/* delay the scroll by 50 milliseconds to fix a bug in chrome *\/ jQuery(document).scrollTop(jQuery('#gform_wrapper_1').offset().top - mt); }, 50 );if(window['gformInitDatepicker']) {gformInitDatepicker();}if(window['gformInitPriceFields']) {gformInitPriceFields();}var current_page = jQuery('#gform_source_page_number_1').val();gformInitSpinner( 1, 'https:\/\/shop.grobnik.hr\/wp-content\/plugins\/gravityforms\/images\/spinner.gif' );jQuery(document).trigger('gform_page_loaded', [1, current_page]);window['gf_submitting_1'] = false;}else if(!is_redirect){var confirmation_content = jQuery(this).contents().find('.GF_AJAX_POSTBACK').html();if(!confirmation_content){confirmation_content = contents;}setTimeout(function(){jQuery('#gform_wrapper_1').replaceWith(confirmation_content);jQuery(document).scrollTop(jQuery('#gf_1').offset().top - mt);jQuery(document).trigger('gform_confirmation_loaded', [1]);window['gf_submitting_1'] = false;}, 50);}else{jQuery('#gform_1').append(contents);if(window['gformRedirect']) {gformRedirect();}}jQuery(document).trigger('gform_post_render', [1, current_page]);} );} );<\/script><script type='text\/javascript'> jQuery(document).bind('gform_post_render', function(event, formId, currentPage){if(formId == 1) {jQuery('#input_1_3').mask('(999) 999-9999').bind('keypress', function(e){if(e.which == 13){jQuery(this).blur();} } );} } );jQuery(document).bind('gform_post_conditional_logic', function(event, formId, fields, isInit){} );<\/script><script type='text\/javascript'> jQuery(document).ready(function(){jQuery(document).trigger('gform_post_render', [1, 1]) } ); <\/script>[\/vc_column_text][\/vc_column][vc_column column_padding=&#8221;no-extra-padding&#8221; column_padding_position=&#8221;all&#8221; background_color_opacity=&#8221;1&#8243; background_hover_color_opacity=&#8221;1&#8243; column_link_target=&#8221;_self&#8221; column_shadow=&#8221;none&#8221; column_border_radius=&#8221;none&#8221; el_class=&#8221;contact-map&#8221; width=&#8221;1\/2&#8243; tablet_width_inherit=&#8221;default&#8221; tablet_text_alignment=&#8221;default&#8221; phone_text_alignment=&#8221;default&#8221; overlay_strength=&#8221;0.3&#8243; column_border_width=&#8221;none&#8221; column_border_style=&#8221;solid&#8221; bg_image_animation=&#8221;none&#8221;][nectar_gmap map_type=&#8221;google&#8221; zoom=&#8221;14&#8243; enable_zoom=&#8221;1&#8243; marker_style=&#8221;default&#8221; nectar_marker_color=&#8221;accent-color&#8221; map_greyscale=&#8221;1&#8243; dark_color_scheme=&#8221;1&#8243; size=&#8221;970&#8243; map_center_lat=&#8221;45.3832922&#8243; map_center_lng=&#8221;14.5099152&#8243; map_markers=&#8221;45.3832159|14.509792300000072|Automotodrom Grobnik&#8221;][\/vc_column][\/vc_row][vc_row type=&#8221;full_width_background&#8221; full_screen_row_position=&#8221;middle&#8221; equal_height=&#8221;yes&#8221; column_margin=&#8221;default&#8221; bg_image=&#8221;7113&#8243; bg_position=&#8221;center top&#8221; bg_repeat=&#8221;no-repeat&#8221; scene_position=&#8221;center&#8221; text_color=&#8221;light&#8221; text_align=&#8221;left&#8221; top_padding=&#8221;70&#8243; bottom_padding=&#8221;60&#8243; color_overlay=&#8221;#222222&#8243; overlay_strength=&#8221;0.3&#8243; shape_divider_position=&#8221;bottom&#8221; bg_image_animation=&#8221;none&#8221; shape_type=&#8221;&#8221;][vc_column column_padding=&#8221;padding-5-percent&#8221; column_padding_position=&#8221;all&#8221; background_color=&#8221;#222222&#8243; background_color_opacity=&#8221;0.9&#8243; background_hover_color_opacity=&#8221;1&#8243; column_link_target=&#8221;_self&#8221; column_shadow=&#8221;none&#8221; column_border_radius=&#8221;none&#8221; boxed=&#8221;true&#8221; el_class=&#8221;white-link&#8221; width=&#8221;1\/3&#8243; tablet_width_inherit=&#8221;default&#8221; tablet_text_alignment=&#8221;default&#8221; phone_text_alignment=&#8221;default&#8221; overlay_strength=&#8221;0.3&#8243; column_border_width=&#8221;none&#8221; column_border_style=&#8221;solid&#8221; bg_image_animation=&#8221;none&#8221; enable_animation=&#8221;true&#8221; animation=&#8221;grow-in&#8221;][vc_column_text css_animation=&#8221;fadeInLeft&#8221;]<strong>CEO<\/strong><br \/>\nRobert \u017dikovi\u0107<\/p>\n<p><strong>Secretary<\/strong><br \/>\n<a href=\"mailto:tajnistvo@grobnik.hr\"><i class=\"fa fa-envelope\"><\/i> tajnistvo@grobnik.hr<\/a><br \/>\n<a href=\"tel:+38551259222\"><i class=\"fa fa-phone\"><\/i> +38551259222<\/a><\/p>\n[\/vc_column_text][\/vc_column][vc_column column_padding=&#8221;padding-5-percent&#8221; column_padding_position=&#8221;all&#8221; background_color=&#8221;#222222&#8243; background_color_opacity=&#8221;0.9&#8243; background_hover_color_opacity=&#8221;1&#8243; column_link_target=&#8221;_self&#8221; column_shadow=&#8221;none&#8221; column_border_radius=&#8221;none&#8221; el_class=&#8221;white-link&#8221; width=&#8221;1\/3&#8243; tablet_width_inherit=&#8221;default&#8221; tablet_text_alignment=&#8221;default&#8221; phone_text_alignment=&#8221;default&#8221; overlay_strength=&#8221;0.3&#8243; column_border_width=&#8221;none&#8221; column_border_style=&#8221;solid&#8221; bg_image_animation=&#8221;none&#8221; enable_animation=&#8221;true&#8221; animation=&#8221;grow-in&#8221;][vc_column_text css_animation=&#8221;fadeInLeft&#8221;]<strong>Board member for economic, financial and general affairs<\/strong><\/p>\n<p>Tamara Karlov\u010dan<\/p>\n<p><strong>Board member for EU projects, investments and maintenance\u00a0<\/strong><\/p>\n<p>Danijel Hate\u017ei\u0107<\/p>\n<p><a href=\"tel:+38551259222\"><i class=\"fa fa-phone\"><\/i> +38551259222<\/a>[\/vc_column_text][\/vc_column][vc_column column_padding=&#8221;padding-5-percent&#8221; column_padding_position=&#8221;all&#8221; background_color=&#8221;#e8120c&#8221; background_color_opacity=&#8221;0.9&#8243; background_hover_color_opacity=&#8221;1&#8243; column_link_target=&#8221;_self&#8221; column_shadow=&#8221;none&#8221; column_border_radius=&#8221;none&#8221; width=&#8221;1\/3&#8243; tablet_width_inherit=&#8221;default&#8221; tablet_text_alignment=&#8221;default&#8221; phone_text_alignment=&#8221;default&#8221; overlay_strength=&#8221;0.3&#8243; column_border_width=&#8221;none&#8221; column_border_style=&#8221;solid&#8221; bg_image_animation=&#8221;none&#8221; enable_animation=&#8221;true&#8221; animation=&#8221;grow-in&#8221;][vc_column_text css_animation=&#8221;fadeInRight&#8221;]<strong>AUTOMOTODROM GROBNIK d.o.o.<br \/>\n<\/strong>Automotodrom 1, 51 219 \u010cavle, Croatia<br \/>\n<i class=\"fas fa-credit-card\"><\/i> HR74 2340 0091 1103 1880 6<br \/>\nDru\u0161tvo upisano u registar Trgova\u010dkog suda u Rijeci pod brojem Tt-04\/4280-2.<\/p>\n<p>Members of the board : R.\u017dikovi\u0107, T. Karlov\u010dan, D.Hate\u017ei\u0107<br \/>\nShare capital 1.000.000 Kn.<br \/>\nMBS 040206737[\/vc_column_text][\/vc_column][\/vc_row]\n","protected":false},"excerpt":{"rendered":"<p>[vc_row type=&#8221;full_width_content&#8221; full_screen_row_position=&#8221;middle&#8221; column_margin=&#8221;default&#8221; scene_position=&#8221;center&#8221; text_color=&#8221;dark&#8221; text_align=&#8221;left&#8221; overlay_strength=&#8221;0.3&#8243; shape_divider_position=&#8221;bottom&#8221; bg_image_animation=&#8221;none&#8221;][vc_column column_padding=&#8221;padding-3-percent&#8221; column_padding_position=&#8221;all&#8221; background_color_opacity=&#8221;1&#8243; background_hover_color_opacity=&#8221;1&#8243; column_link_target=&#8221;_self&#8221; column_shadow=&#8221;none&#8221; column_border_radius=&#8221;none&#8221; width=&#8221;1\/2&#8243; tablet_width_inherit=&#8221;default&#8221; tablet_text_alignment=&#8221;default&#8221;&#8230;<\/p>\n","protected":false},"author":1,"featured_media":0,"parent":0,"menu_order":0,"comment_status":"closed","ping_status":"closed","template":"","meta":{"footnotes":""},"class_list":["post-7372","page","type-page","status-publish"],"yoast_head":"<!-- This site is optimized with the Yoast SEO plugin v24.2 - https:\/\/yoast.com\/wordpress\/plugins\/seo\/ -->\n<title>Contact us - Fun &amp; Adrenalin - Automotodrom Grobnik Shop<\/title>\n<meta name=\"description\" content=\"Get to know your driving skills by driving on a professional race track instead of driving fast on public roads where you endanger yourself and others.\" \/>\n<meta name=\"robots\" content=\"index, follow, max-snippet:-1, max-image-preview:large, max-video-preview:-1\" \/>\n<link rel=\"canonical\" href=\"https:\/\/shop.grobnik.hr\/kontakt\/\" \/>\n<meta property=\"og:locale\" content=\"en_US\" \/>\n<meta property=\"og:type\" content=\"article\" \/>\n<meta property=\"og:title\" content=\"Contact us - Fun &amp; Adrenalin - Automotodrom Grobnik Shop\" \/>\n<meta property=\"og:description\" content=\"Get to know your driving skills by driving on a professional race track instead of driving fast on public roads where you endanger yourself and others.\" \/>\n<meta property=\"og:url\" content=\"https:\/\/shop.grobnik.hr\/kontakt\/\" \/>\n<meta property=\"og:site_name\" content=\"Grobnik Shop\" \/>\n<meta property=\"article:modified_time\" content=\"2024-02-09T10:07:31+00:00\" \/>\n<meta name=\"twitter:card\" content=\"summary_large_image\" \/>\n<meta name=\"twitter:label1\" content=\"Est. reading time\" \/>\n\t<meta name=\"twitter:data1\" content=\"2 minutes\" \/>\n<script type=\"application\/ld+json\" class=\"yoast-schema-graph\">{\"@context\":\"https:\/\/schema.org\",\"@graph\":[{\"@type\":\"WebPage\",\"@id\":\"https:\/\/shop.grobnik.hr\/kontakt\/\",\"url\":\"https:\/\/shop.grobnik.hr\/kontakt\/\",\"name\":\"Contact us - Fun & Adrenalin - Automotodrom Grobnik Shop\",\"isPartOf\":{\"@id\":\"https:\/\/shop.grobnik.hr\/#website\"},\"datePublished\":\"2020-03-19T12:58:59+00:00\",\"dateModified\":\"2024-02-09T10:07:31+00:00\",\"description\":\"Get to know your driving skills by driving on a professional race track instead of driving fast on public roads where you endanger yourself and others.\",\"breadcrumb\":{\"@id\":\"https:\/\/shop.grobnik.hr\/kontakt\/#breadcrumb\"},\"inLanguage\":\"en-US\",\"potentialAction\":[{\"@type\":\"ReadAction\",\"target\":[\"https:\/\/shop.grobnik.hr\/kontakt\/\"]}]},{\"@type\":\"BreadcrumbList\",\"@id\":\"https:\/\/shop.grobnik.hr\/kontakt\/#breadcrumb\",\"itemListElement\":[{\"@type\":\"ListItem\",\"position\":1,\"name\":\"Po\u010detna stranica\",\"item\":\"https:\/\/shop.grobnik.hr\/en\/\"},{\"@type\":\"ListItem\",\"position\":2,\"name\":\"Contact\"}]},{\"@type\":\"WebSite\",\"@id\":\"https:\/\/shop.grobnik.hr\/#website\",\"url\":\"https:\/\/shop.grobnik.hr\/\",\"name\":\"Grobnik Shop\",\"description\":\"\",\"potentialAction\":[{\"@type\":\"SearchAction\",\"target\":{\"@type\":\"EntryPoint\",\"urlTemplate\":\"https:\/\/shop.grobnik.hr\/?s={search_term_string}\"},\"query-input\":{\"@type\":\"PropertyValueSpecification\",\"valueRequired\":true,\"valueName\":\"search_term_string\"}}],\"inLanguage\":\"en-US\"}]}<\/script>\n<!-- \/ Yoast SEO plugin. -->","yoast_head_json":{"title":"Contact us - Fun & Adrenalin - Automotodrom Grobnik Shop","description":"Get to know your driving skills by driving on a professional race track instead of driving fast on public roads where you endanger yourself and others.","robots":{"index":"index","follow":"follow","max-snippet":"max-snippet:-1","max-image-preview":"max-image-preview:large","max-video-preview":"max-video-preview:-1"},"canonical":"https:\/\/shop.grobnik.hr\/kontakt\/","og_locale":"en_US","og_type":"article","og_title":"Contact us - Fun & Adrenalin - Automotodrom Grobnik Shop","og_description":"Get to know your driving skills by driving on a professional race track instead of driving fast on public roads where you endanger yourself and others.","og_url":"https:\/\/shop.grobnik.hr\/kontakt\/","og_site_name":"Grobnik Shop","article_modified_time":"2024-02-09T10:07:31+00:00","twitter_card":"summary_large_image","twitter_misc":{"Est. reading time":"2 minutes"},"schema":{"@context":"https:\/\/schema.org","@graph":[{"@type":"WebPage","@id":"https:\/\/shop.grobnik.hr\/kontakt\/","url":"https:\/\/shop.grobnik.hr\/kontakt\/","name":"Contact us - Fun & Adrenalin - Automotodrom Grobnik Shop","isPartOf":{"@id":"https:\/\/shop.grobnik.hr\/#website"},"datePublished":"2020-03-19T12:58:59+00:00","dateModified":"2024-02-09T10:07:31+00:00","description":"Get to know your driving skills by driving on a professional race track instead of driving fast on public roads where you endanger yourself and others.","breadcrumb":{"@id":"https:\/\/shop.grobnik.hr\/kontakt\/#breadcrumb"},"inLanguage":"en-US","potentialAction":[{"@type":"ReadAction","target":["https:\/\/shop.grobnik.hr\/kontakt\/"]}]},{"@type":"BreadcrumbList","@id":"https:\/\/shop.grobnik.hr\/kontakt\/#breadcrumb","itemListElement":[{"@type":"ListItem","position":1,"name":"Po\u010detna stranica","item":"https:\/\/shop.grobnik.hr\/en\/"},{"@type":"ListItem","position":2,"name":"Contact"}]},{"@type":"WebSite","@id":"https:\/\/shop.grobnik.hr\/#website","url":"https:\/\/shop.grobnik.hr\/","name":"Grobnik Shop","description":"","potentialAction":[{"@type":"SearchAction","target":{"@type":"EntryPoint","urlTemplate":"https:\/\/shop.grobnik.hr\/?s={search_term_string}"},"query-input":{"@type":"PropertyValueSpecification","valueRequired":true,"valueName":"search_term_string"}}],"inLanguage":"en-US"}]}},"_links":{"self":[{"href":"https:\/\/shop.grobnik.hr\/en\/wp-json\/wp\/v2\/pages\/7372","targetHints":{"allow":["GET"]}}],"collection":[{"href":"https:\/\/shop.grobnik.hr\/en\/wp-json\/wp\/v2\/pages"}],"about":[{"href":"https:\/\/shop.grobnik.hr\/en\/wp-json\/wp\/v2\/types\/page"}],"author":[{"embeddable":true,"href":"https:\/\/shop.grobnik.hr\/en\/wp-json\/wp\/v2\/users\/1"}],"replies":[{"embeddable":true,"href":"https:\/\/shop.grobnik.hr\/en\/wp-json\/wp\/v2\/comments?post=7372"}],"version-history":[{"count":1,"href":"https:\/\/shop.grobnik.hr\/en\/wp-json\/wp\/v2\/pages\/7372\/revisions"}],"predecessor-version":[{"id":15832,"href":"https:\/\/shop.grobnik.hr\/en\/wp-json\/wp\/v2\/pages\/7372\/revisions\/15832"}],"wp:attachment":[{"href":"https:\/\/shop.grobnik.hr\/en\/wp-json\/wp\/v2\/media?parent=7372"}],"curies":[{"name":"wp","href":"https:\/\/api.w.org\/{rel}","templated":true}]}}